{"id":255,"date":"2025-03-12T13:57:55","date_gmt":"2025-03-12T13:57:55","guid":{"rendered":"https:\/\/terresdefetes.com\/?page_id=255"},"modified":"2025-04-30T09:24:56","modified_gmt":"2025-04-30T09:24:56","slug":"qui-somme-nous","status":"publish","type":"page","link":"https:\/\/terresdefetes.com\/en\/qui-somme-nous\/","title":{"rendered":"About us"},"content":{"rendered":"<div data-elementor-type=\"wp-page\" data-elementor-id=\"255\" class=\"elementor elementor-255\">\n\t\t\t\t<div class=\"elementor-element elementor-element-59094ced e-con-full e-flex e-con e-parent\" data-id=\"59094ced\" data-element_type=\"container\">\n\t\t<div class=\"elementor-element elementor-element-70815dee e-con-full e-flex e-con e-child\" data-id=\"70815dee\" data-element_type=\"container\">\n\t\t\t\t<div class=\"elementor-element elementor-element-65bf8d97 elementor-align-center elementor-widget elementor-widget-button\" data-id=\"65bf8d97\" data-element_type=\"widget\" data-widget_type=\"button.default\">\n\t\t\t\t<div class=\"elementor-widget-container\">\n\t\t\t\t\t\t\t\t\t<div class=\"elementor-button-wrapper\">\n\t\t\t\t\t<a class=\"elementor-button elementor-size-sm\" role=\"button\">\n\t\t\t\t\t\t<span class=\"elementor-button-content-wrapper\">\n\t\t\t\t\t\t\t\t\t<span class=\"elementor-button-text\">BESPOKE EVENTS<\/span>\n\t\t\t\t\t<\/span>\n\t\t\t\t\t<\/a>\n\t\t\t\t<\/div>\n\t\t\t\t\t\t\t\t<\/div>\n\t\t\t\t<\/div>\n\t\t\t\t<div class=\"elementor-element elementor-element-f9be671 elementor-widget elementor-widget-heading\" data-id=\"f9be671\" data-element_type=\"widget\" data-widget_type=\"heading.default\">\n\t\t\t\t<div class=\"elementor-widget-container\">\n\t\t\t\t\t<div class=\"elementor-heading-title elementor-size-default\">The architect <\/div>\t\t\t\t<\/div>\n\t\t\t\t<\/div>\n\t\t\t\t<div class=\"elementor-element elementor-element-3550fb37 elementor-widget elementor-widget-heading\" data-id=\"3550fb37\" data-element_type=\"widget\" data-widget_type=\"heading.default\">\n\t\t\t\t<div class=\"elementor-widget-container\">\n\t\t\t\t\t<h1 class=\"elementor-heading-title elementor-size-default\">of your desires<\/h1>\t\t\t\t<\/div>\n\t\t\t\t<\/div>\n\t\t\t\t<\/div>\n\t\t\t\t<\/div>\n\t\t<div class=\"elementor-element elementor-element-126e5827 e-flex e-con-boxed e-con e-parent\" data-id=\"126e5827\" data-element_type=\"container\">\n\t\t\t\t\t<div class=\"e-con-inner\">\n\t\t<div class=\"elementor-element elementor-element-28e93eb7 e-con-full e-flex e-con e-child\" data-id=\"28e93eb7\" data-element_type=\"container\">\n\t\t\t\t<div class=\"elementor-element elementor-element-82f73f1 elementor-widget elementor-widget-heading\" data-id=\"82f73f1\" data-element_type=\"widget\" data-widget_type=\"heading.default\">\n\t\t\t\t<div class=\"elementor-widget-container\">\n\t\t\t\t\t<h3 class=\"elementor-heading-title elementor-size-default translation-block\">WHY CHOOSE <br>US<\/h3>\t\t\t\t<\/div>\n\t\t\t\t<\/div>\n\t\t\t\t<div class=\"elementor-element elementor-element-19f00903 elementor-widget elementor-widget-text-editor\" data-id=\"19f00903\" data-element_type=\"widget\" data-widget_type=\"text-editor.default\">\n\t\t\t\t<div class=\"elementor-widget-container\">\n\t\t\t\t\t\t\t\t\t<p>Terres de F\u00eates staff responds to your most unexpected requests in order to provide you with solutions tailored to your needs.   They will apply their expertise to screen-write the most innovative concepts, ready to face any challenges. They will draw on their knowhow to turn the concept you have imagined into reality.<\/p>\t\t\t\t\t\t\t\t<\/div>\n\t\t\t\t<\/div>\n\t\t\t\t<\/div>\n\t\t<div class=\"elementor-element elementor-element-70031053 e-con-full e-flex e-con e-child\" data-id=\"70031053\" data-element_type=\"container\">\n\t\t\t\t<div class=\"elementor-element elementor-element-368dd7d8 elementor-widget elementor-widget-image\" data-id=\"368dd7d8\" data-element_type=\"widget\" data-widget_type=\"image.default\">\n\t\t\t\t<div class=\"elementor-widget-container\">\n\t\t\t\t\t\t\t\t\t\t\t\t\t\t\t<img fetchpriority=\"high\" decoding=\"async\" width=\"782\" height=\"948\" src=\"https:\/\/terresdefetes.com\/wp-content\/uploads\/2025\/03\/TDF-Photo_0047_Terres-de-fetes-89.jpg\" class=\"attachment-full size-full wp-image-481\" alt=\"\" srcset=\"https:\/\/terresdefetes.com\/wp-content\/uploads\/2025\/03\/TDF-Photo_0047_Terres-de-fetes-89.jpg 782w, https:\/\/terresdefetes.com\/wp-content\/uploads\/2025\/03\/TDF-Photo_0047_Terres-de-fetes-89-247x300.jpg 247w, https:\/\/terresdefetes.com\/wp-content\/uploads\/2025\/03\/TDF-Photo_0047_Terres-de-fetes-89-768x931.jpg 768w, https:\/\/terresdefetes.com\/wp-content\/uploads\/2025\/03\/TDF-Photo_0047_Terres-de-fetes-89-10x12.jpg 10w\" sizes=\"(max-width: 782px) 100vw, 782px\" \/>\t\t\t\t\t\t\t\t\t\t\t\t\t\t\t<\/div>\n\t\t\t\t<\/div>\n\t\t\t\t<\/div>\n\t\t\t\t\t<\/div>\n\t\t\t\t<\/div>\n\t\t<div class=\"elementor-element elementor-element-d97b933 e-flex e-con-boxed e-con e-parent\" data-id=\"d97b933\" data-element_type=\"container\">\n\t\t\t\t\t<div class=\"e-con-inner\">\n\t\t<div class=\"elementor-element elementor-element-2f4c20a e-con-full e-flex e-con e-child\" data-id=\"2f4c20a\" data-element_type=\"container\">\n\t\t\t\t<div class=\"elementor-element elementor-element-c34a09b elementor-widget elementor-widget-heading\" data-id=\"c34a09b\" data-element_type=\"widget\" data-widget_type=\"heading.default\">\n\t\t\t\t<div class=\"elementor-widget-container\">\n\t\t\t\t\t<h4 class=\"elementor-heading-title elementor-size-default\">CELEBRATIONS<\/h4>\t\t\t\t<\/div>\n\t\t\t\t<\/div>\n\t\t\t\t<div class=\"elementor-element elementor-element-36e2d89 elementor-widget elementor-widget-spacer\" data-id=\"36e2d89\" data-element_type=\"widget\" data-widget_type=\"spacer.default\">\n\t\t\t\t<div class=\"elementor-widget-container\">\n\t\t\t\t\t\t\t<div class=\"elementor-spacer\">\n\t\t\t<div class=\"elementor-spacer-inner\"><\/div>\n\t\t<\/div>\n\t\t\t\t\t\t<\/div>\n\t\t\t\t<\/div>\n\t\t\t\t<div class=\"elementor-element elementor-element-9e6e2de elementor-widget elementor-widget-text-editor\" data-id=\"9e6e2de\" data-element_type=\"widget\" data-widget_type=\"text-editor.default\">\n\t\t\t\t<div class=\"elementor-widget-container\">\n\t\t\t\t\t\t\t\t\t<p>Wedding ceremonies- Baptism receptions- Birthday celebrations - Bat &amp; bar-Mitzvah<\/p>\t\t\t\t\t\t\t\t<\/div>\n\t\t\t\t<\/div>\n\t\t\t\t<div class=\"elementor-element elementor-element-b0cb76b elementor-widget elementor-widget-image\" data-id=\"b0cb76b\" data-element_type=\"widget\" data-widget_type=\"image.default\">\n\t\t\t\t<div class=\"elementor-widget-container\">\n\t\t\t\t\t\t\t\t\t\t\t\t\t\t\t<img decoding=\"async\" width=\"782\" height=\"948\" src=\"https:\/\/terresdefetes.com\/wp-content\/uploads\/2025\/03\/TDF-Photo_0081_19-06-AGAFAY-AK-\u00a9Sebastien-Royez-2.jpg\" class=\"attachment-full size-full wp-image-515\" alt=\"\" srcset=\"https:\/\/terresdefetes.com\/wp-content\/uploads\/2025\/03\/TDF-Photo_0081_19-06-AGAFAY-AK-\u00a9Sebastien-Royez-2.jpg 782w, https:\/\/terresdefetes.com\/wp-content\/uploads\/2025\/03\/TDF-Photo_0081_19-06-AGAFAY-AK-\u00a9Sebastien-Royez-2-247x300.jpg 247w, https:\/\/terresdefetes.com\/wp-content\/uploads\/2025\/03\/TDF-Photo_0081_19-06-AGAFAY-AK-\u00a9Sebastien-Royez-2-768x931.jpg 768w, https:\/\/terresdefetes.com\/wp-content\/uploads\/2025\/03\/TDF-Photo_0081_19-06-AGAFAY-AK-\u00a9Sebastien-Royez-2-10x12.jpg 10w\" sizes=\"(max-width: 782px) 100vw, 782px\" \/>\t\t\t\t\t\t\t\t\t\t\t\t\t\t\t<\/div>\n\t\t\t\t<\/div>\n\t\t\t\t<\/div>\n\t\t<div class=\"elementor-element elementor-element-f225fef e-con-full e-flex e-con e-child\" data-id=\"f225fef\" data-element_type=\"container\">\n\t\t\t\t<div class=\"elementor-element elementor-element-547b7c0 elementor-widget elementor-widget-heading\" data-id=\"547b7c0\" data-element_type=\"widget\" data-widget_type=\"heading.default\">\n\t\t\t\t<div class=\"elementor-widget-container\">\n\t\t\t\t\t<h4 class=\"elementor-heading-title elementor-size-default\">EVENTS<\/h4>\t\t\t\t<\/div>\n\t\t\t\t<\/div>\n\t\t\t\t<div class=\"elementor-element elementor-element-3d0532f elementor-widget elementor-widget-spacer\" data-id=\"3d0532f\" data-element_type=\"widget\" data-widget_type=\"spacer.default\">\n\t\t\t\t<div class=\"elementor-widget-container\">\n\t\t\t\t\t\t\t<div class=\"elementor-spacer\">\n\t\t\t<div class=\"elementor-spacer-inner\"><\/div>\n\t\t<\/div>\n\t\t\t\t\t\t<\/div>\n\t\t\t\t<\/div>\n\t\t\t\t<div class=\"elementor-element elementor-element-34ec10d elementor-widget elementor-widget-text-editor\" data-id=\"34ec10d\" data-element_type=\"widget\" data-widget_type=\"text-editor.default\">\n\t\t\t\t<div class=\"elementor-widget-container\">\n\t\t\t\t\t\t\t\t\t<p>Gala dinners \u2013 Product launches \u2013 Congresses \u2013 Incentives seminars<\/p>\t\t\t\t\t\t\t\t<\/div>\n\t\t\t\t<\/div>\n\t\t\t\t<div class=\"elementor-element elementor-element-3d4a223 elementor-widget elementor-widget-image\" data-id=\"3d4a223\" data-element_type=\"widget\" data-widget_type=\"image.default\">\n\t\t\t\t<div class=\"elementor-widget-container\">\n\t\t\t\t\t\t\t\t\t\t\t\t\t\t\t<img decoding=\"async\" width=\"782\" height=\"948\" src=\"https:\/\/terresdefetes.com\/wp-content\/uploads\/2025\/03\/TDF-Photo_0009_6P7A0432-Avec-accentuation-Bruit.jpg\" class=\"attachment-full size-full wp-image-442\" alt=\"\" srcset=\"https:\/\/terresdefetes.com\/wp-content\/uploads\/2025\/03\/TDF-Photo_0009_6P7A0432-Avec-accentuation-Bruit.jpg 782w, https:\/\/terresdefetes.com\/wp-content\/uploads\/2025\/03\/TDF-Photo_0009_6P7A0432-Avec-accentuation-Bruit-247x300.jpg 247w, https:\/\/terresdefetes.com\/wp-content\/uploads\/2025\/03\/TDF-Photo_0009_6P7A0432-Avec-accentuation-Bruit-768x931.jpg 768w, https:\/\/terresdefetes.com\/wp-content\/uploads\/2025\/03\/TDF-Photo_0009_6P7A0432-Avec-accentuation-Bruit-10x12.jpg 10w\" sizes=\"(max-width: 782px) 100vw, 782px\" \/>\t\t\t\t\t\t\t\t\t\t\t\t\t\t\t<\/div>\n\t\t\t\t<\/div>\n\t\t\t\t<\/div>\n\t\t<div class=\"elementor-element elementor-element-b4cc3b4 e-con-full e-flex e-con e-child\" data-id=\"b4cc3b4\" data-element_type=\"container\">\n\t\t\t\t<div class=\"elementor-element elementor-element-c5f455e elementor-widget elementor-widget-heading\" data-id=\"c5f455e\" data-element_type=\"widget\" data-widget_type=\"heading.default\">\n\t\t\t\t<div class=\"elementor-widget-container\">\n\t\t\t\t\t<h4 class=\"elementor-heading-title elementor-size-default\">EXCEPTIONAL MOMENTS<\/h4>\t\t\t\t<\/div>\n\t\t\t\t<\/div>\n\t\t\t\t<div class=\"elementor-element elementor-element-f318c6e elementor-widget elementor-widget-spacer\" data-id=\"f318c6e\" data-element_type=\"widget\" data-widget_type=\"spacer.default\">\n\t\t\t\t<div class=\"elementor-widget-container\">\n\t\t\t\t\t\t\t<div class=\"elementor-spacer\">\n\t\t\t<div class=\"elementor-spacer-inner\"><\/div>\n\t\t<\/div>\n\t\t\t\t\t\t<\/div>\n\t\t\t\t<\/div>\n\t\t\t\t<div class=\"elementor-element elementor-element-5b776a3 elementor-widget elementor-widget-text-editor\" data-id=\"5b776a3\" data-element_type=\"widget\" data-widget_type=\"text-editor.default\">\n\t\t\t\t<div class=\"elementor-widget-container\">\n\t\t\t\t\t\t\t\t\t<p>Music Concerts \u2013 Festivals \u2013 Bivouacs under the stars, Nomadic camps...<\/p>\t\t\t\t\t\t\t\t<\/div>\n\t\t\t\t<\/div>\n\t\t\t\t<div class=\"elementor-element elementor-element-4519774 elementor-widget elementor-widget-image\" data-id=\"4519774\" data-element_type=\"widget\" data-widget_type=\"image.default\">\n\t\t\t\t<div class=\"elementor-widget-container\">\n\t\t\t\t\t\t\t\t\t\t\t\t\t\t\t<img loading=\"lazy\" decoding=\"async\" width=\"782\" height=\"948\" src=\"https:\/\/terresdefetes.com\/wp-content\/uploads\/2025\/03\/TDF-Photo_0080_19-06-AGAFAY-AK-\u00a9Sebastien-Royez-6.jpg\" class=\"attachment-full size-full wp-image-514\" alt=\"\" srcset=\"https:\/\/terresdefetes.com\/wp-content\/uploads\/2025\/03\/TDF-Photo_0080_19-06-AGAFAY-AK-\u00a9Sebastien-Royez-6.jpg 782w, https:\/\/terresdefetes.com\/wp-content\/uploads\/2025\/03\/TDF-Photo_0080_19-06-AGAFAY-AK-\u00a9Sebastien-Royez-6-247x300.jpg 247w, https:\/\/terresdefetes.com\/wp-content\/uploads\/2025\/03\/TDF-Photo_0080_19-06-AGAFAY-AK-\u00a9Sebastien-Royez-6-768x931.jpg 768w, https:\/\/terresdefetes.com\/wp-content\/uploads\/2025\/03\/TDF-Photo_0080_19-06-AGAFAY-AK-\u00a9Sebastien-Royez-6-10x12.jpg 10w\" sizes=\"(max-width: 782px) 100vw, 782px\" \/>\t\t\t\t\t\t\t\t\t\t\t\t\t\t\t<\/div>\n\t\t\t\t<\/div>\n\t\t\t\t<\/div>\n\t\t\t\t\t<\/div>\n\t\t\t\t<\/div>\n\t\t<div class=\"elementor-element elementor-element-7861a09b e-flex e-con-boxed e-con e-parent\" data-id=\"7861a09b\" data-element_type=\"container\">\n\t\t\t\t\t<div class=\"e-con-inner\">\n\t\t\t\t<div class=\"elementor-element elementor-element-a718453 elementor-align-center elementor-widget elementor-widget-button\" data-id=\"a718453\" data-element_type=\"widget\" data-widget_type=\"button.default\">\n\t\t\t\t<div class=\"elementor-widget-container\">\n\t\t\t\t\t\t\t\t\t<div class=\"elementor-button-wrapper\">\n\t\t\t\t\t<a class=\"elementor-button elementor-size-sm\" role=\"button\">\n\t\t\t\t\t\t<span class=\"elementor-button-content-wrapper\">\n\t\t\t\t\t\t\t\t\t<span class=\"elementor-button-text\">ECO-RESPONSIBLE<\/span>\n\t\t\t\t\t<\/span>\n\t\t\t\t\t<\/a>\n\t\t\t\t<\/div>\n\t\t\t\t\t\t\t\t<\/div>\n\t\t\t\t<\/div>\n\t\t\t\t<div class=\"elementor-element elementor-element-4170bcf6 elementor-widget elementor-widget-heading\" data-id=\"4170bcf6\" data-element_type=\"widget\" data-widget_type=\"heading.default\">\n\t\t\t\t<div class=\"elementor-widget-container\">\n\t\t\t\t\t<h3 class=\"elementor-heading-title elementor-size-default\"><a href=\"https:\/\/terresdefetes.com\/en\/eco-responsible\/\">TO BE AN ACTOR OF CHANGE TOWARDS AN ECO-RESPONSIBLE ECONOMY<\/a><\/h3>\t\t\t\t<\/div>\n\t\t\t\t<\/div>\n\t\t\t\t\t<\/div>\n\t\t\t\t<\/div>\n\t\t<div class=\"elementor-element elementor-element-41b40b12 e-flex e-con-boxed e-con e-parent\" data-id=\"41b40b12\" data-element_type=\"container\" data-settings=\"{&quot;background_background&quot;:&quot;classic&quot;}\">\n\t\t\t\t\t<div class=\"e-con-inner\">\n\t\t\t\t<div class=\"elementor-element elementor-element-5ccb6a40 elementor-widget elementor-widget-heading\" data-id=\"5ccb6a40\" data-element_type=\"widget\" data-widget_type=\"heading.default\">\n\t\t\t\t<div class=\"elementor-widget-container\">\n\t\t\t\t\t<div class=\"elementor-heading-title elementor-size-default\">Entrust us with your expectations<\/div>\t\t\t\t<\/div>\n\t\t\t\t<\/div>\n\t\t\t\t\t<\/div>\n\t\t\t\t<\/div>\n\t\t\t\t<\/div>","protected":false},"excerpt":{"rendered":"<p>ORGANISATION D\u2019\u00c9V\u00c8NEMENTS MARRAKECH\u200b L\u2019architecte de vos Envies POURQUOI NOUS CHOISIR? Les \u00e9quipes de terres de F\u00eates r\u00e9pondent avec vous aux demandes les plus inattendues pour construire les r\u00e9ponses adapt\u00e9es \u00e0 vos besoins. Elles s\u2019appliqueront \u00e0 sc\u00e9nariser les concepts les plus innovants, pr\u00eates \u00e0 relever tous les d\u00e9fis. Elles s\u2019appliqueront \u00e0 r\u00e9aliser le concept que vous [&hellip;]<\/p>","protected":false},"author":1,"featured_media":0,"parent":0,"menu_order":0,"comment_status":"closed","ping_status":"closed","template":"elementor_header_footer","meta":{"footnotes":""},"class_list":["post-255","page","type-page","status-publish","hentry"],"_links":{"self":[{"href":"https:\/\/terresdefetes.com\/en\/wp-json\/wp\/v2\/pages\/255","targetHints":{"allow":["GET"]}}],"collection":[{"href":"https:\/\/terresdefetes.com\/en\/wp-json\/wp\/v2\/pages"}],"about":[{"href":"https:\/\/terresdefetes.com\/en\/wp-json\/wp\/v2\/types\/page"}],"author":[{"embeddable":true,"href":"https:\/\/terresdefetes.com\/en\/wp-json\/wp\/v2\/users\/1"}],"replies":[{"embeddable":true,"href":"https:\/\/terresdefetes.com\/en\/wp-json\/wp\/v2\/comments?post=255"}],"version-history":[{"count":70,"href":"https:\/\/terresdefetes.com\/en\/wp-json\/wp\/v2\/pages\/255\/revisions"}],"predecessor-version":[{"id":939,"href":"https:\/\/terresdefetes.com\/en\/wp-json\/wp\/v2\/pages\/255\/revisions\/939"}],"wp:attachment":[{"href":"https:\/\/terresdefetes.com\/en\/wp-json\/wp\/v2\/media?parent=255"}],"curies":[{"name":"wp","href":"https:\/\/api.w.org\/{rel}","templated":true}]}}