{"id":87,"date":"2025-03-11T14:05:06","date_gmt":"2025-03-11T14:05:06","guid":{"rendered":"https:\/\/terresdefetes.com\/?page_id=87"},"modified":"2025-04-30T09:18:22","modified_gmt":"2025-04-30T09:18:22","slug":"services","status":"publish","type":"page","link":"https:\/\/terresdefetes.com\/en\/services\/","title":{"rendered":"Services"},"content":{"rendered":"<div data-elementor-type=\"wp-page\" data-elementor-id=\"87\" class=\"elementor elementor-87\">\n\t\t\t\t<div class=\"elementor-element elementor-element-1aa5121f e-con-full e-flex e-con e-parent\" data-id=\"1aa5121f\" data-element_type=\"container\">\n\t\t<div class=\"elementor-element elementor-element-b0a613 e-con-full e-flex e-con e-child\" data-id=\"b0a613\" data-element_type=\"container\">\n\t\t\t\t<div class=\"elementor-element elementor-element-7c4b1f5 elementor-align-center elementor-widget elementor-widget-button\" data-id=\"7c4b1f5\" data-element_type=\"widget\" data-widget_type=\"button.default\">\n\t\t\t\t<div class=\"elementor-widget-container\">\n\t\t\t\t\t\t\t\t\t<div class=\"elementor-button-wrapper\">\n\t\t\t\t\t<a class=\"elementor-button elementor-size-sm\" role=\"button\">\n\t\t\t\t\t\t<span class=\"elementor-button-content-wrapper\">\n\t\t\t\t\t\t\t\t\t<span class=\"elementor-button-text\">SERVICES<\/span>\n\t\t\t\t\t<\/span>\n\t\t\t\t\t<\/a>\n\t\t\t\t<\/div>\n\t\t\t\t\t\t\t\t<\/div>\n\t\t\t\t<\/div>\n\t\t\t\t<div class=\"elementor-element elementor-element-243b8714 elementor-widget elementor-widget-heading\" data-id=\"243b8714\" data-element_type=\"widget\" data-widget_type=\"heading.default\">\n\t\t\t\t<div class=\"elementor-widget-container\">\n\t\t\t\t\t<div class=\"elementor-heading-title elementor-size-default\">BESPOKE EVENTS <\/div>\t\t\t\t<\/div>\n\t\t\t\t<\/div>\n\t\t\t\t<div class=\"elementor-element elementor-element-2cd2df8a elementor-widget elementor-widget-heading\" data-id=\"2cd2df8a\" data-element_type=\"widget\" data-widget_type=\"heading.default\">\n\t\t\t\t<div class=\"elementor-widget-container\">\n\t\t\t\t\t<h1 class=\"elementor-heading-title elementor-size-default\">MARRAKECH<\/h1>\t\t\t\t<\/div>\n\t\t\t\t<\/div>\n\t\t\t\t<\/div>\n\t\t\t\t<\/div>\n\t\t<div class=\"elementor-element elementor-element-33546a54 e-flex e-con-boxed e-con e-parent\" data-id=\"33546a54\" data-element_type=\"container\">\n\t\t\t\t\t<div class=\"e-con-inner\">\n\t\t<div class=\"elementor-element elementor-element-188bd7c e-con-full e-flex e-con e-child\" data-id=\"188bd7c\" data-element_type=\"container\">\n\t\t\t\t<div class=\"elementor-element elementor-element-7f084293 elementor-widget__width-initial elementor-widget elementor-widget-text-editor\" data-id=\"7f084293\" data-element_type=\"widget\" data-widget_type=\"text-editor.default\">\n\t\t\t\t<div class=\"elementor-widget-container\">\n\t\t\t\t\t\t\t\t\t<p>Entrust us with your expectations and together we'll realize the moment of your dreams...<\/p><p><strong>Private celebrations<\/strong> : Wedding ceremonies- Baptism receptions- Birthday celebrations - Bat &amp; bar-Mitzvah<\/p><p><strong>Corporate events<\/strong> : Gala dinners \u2013 Product launches \u2013 Congresses \u2013 Incentives \u2013 Seminars<\/p><p><strong>Exceptional moments<\/strong> : Music Concerts \u2013 Festivals \u2013 Bivouacs under the stars \u2013 Nomadic camps...<\/p>\t\t\t\t\t\t\t\t<\/div>\n\t\t\t\t<\/div>\n\t\t\t\t<\/div>\n\t\t<div class=\"elementor-element elementor-element-84da94d e-con-full e-flex e-con e-child\" data-id=\"84da94d\" data-element_type=\"container\">\n\t\t\t\t<div class=\"elementor-element elementor-element-384d0e07 elementor-widget elementor-widget-image\" data-id=\"384d0e07\" data-element_type=\"widget\" data-widget_type=\"image.default\">\n\t\t\t\t<div class=\"elementor-widget-container\">\n\t\t\t\t\t\t\t\t\t\t\t\t\t\t\t<img fetchpriority=\"high\" decoding=\"async\" width=\"782\" height=\"948\" src=\"https:\/\/terresdefetes.com\/wp-content\/uploads\/2025\/03\/TDF-Photo_0039_0H6A2157.jpg\" class=\"attachment-full size-full wp-image-473\" alt=\"\" srcset=\"https:\/\/terresdefetes.com\/wp-content\/uploads\/2025\/03\/TDF-Photo_0039_0H6A2157.jpg 782w, https:\/\/terresdefetes.com\/wp-content\/uploads\/2025\/03\/TDF-Photo_0039_0H6A2157-247x300.jpg 247w, https:\/\/terresdefetes.com\/wp-content\/uploads\/2025\/03\/TDF-Photo_0039_0H6A2157-768x931.jpg 768w, https:\/\/terresdefetes.com\/wp-content\/uploads\/2025\/03\/TDF-Photo_0039_0H6A2157-10x12.jpg 10w\" sizes=\"(max-width: 782px) 100vw, 782px\" \/>\t\t\t\t\t\t\t\t\t\t\t\t\t\t\t<\/div>\n\t\t\t\t<\/div>\n\t\t\t\t<div class=\"elementor-element elementor-element-423b5149 elementor-widget__width-initial elementor-widget elementor-widget-image-box\" data-id=\"423b5149\" data-element_type=\"widget\" data-widget_type=\"image-box.default\">\n\t\t\t\t<div class=\"elementor-widget-container\">\n\t\t\t\t\t<div class=\"elementor-image-box-wrapper\"><div class=\"elementor-image-box-content\"><h2 class=\"elementor-image-box-title\">PLACES OF EXCEPTION<\/h2><p class=\"elementor-image-box-description\">Wherever your dreams take you, Terre de F\u00eate will be the architect to realize your project. The Palmeraie of Marrakech remains a mythical place where the Pearl of the South was born. Let us welcome you to our site (private grounds), which we have carefully preserved so that you can dream and design your extraordinary evening. At the gateway to the city, a 7-hectare park of palm trees, untouched by any construction, offers the ideal environment to give free rein to your imagination and host your event with the help of our team of professionals. Looking for a desert adventure? Would you like to transform an existing venue into a scene from the Arabian Nights? Since its inception, Terre de f\u00eate has delivered magic: from nomadic professionals at the Palazzo Bahia to the most prestigious hotels, from the most remote desert locations to the landscaped gardens of the most beautiful private residences.<\/p><\/div><\/div>\t\t\t\t<\/div>\n\t\t\t\t<\/div>\n\t\t\t\t<\/div>\n\t\t<div class=\"elementor-element elementor-element-1ba35870 e-con-full e-flex e-con e-child\" data-id=\"1ba35870\" data-element_type=\"container\">\n\t\t\t\t<div class=\"elementor-element elementor-element-5ae4225c elementor-widget elementor-widget-image\" data-id=\"5ae4225c\" data-element_type=\"widget\" data-widget_type=\"image.default\">\n\t\t\t\t<div class=\"elementor-widget-container\">\n\t\t\t\t\t\t\t\t\t\t\t\t\t\t\t<img decoding=\"async\" width=\"782\" height=\"948\" src=\"https:\/\/terresdefetes.com\/wp-content\/uploads\/2025\/03\/TDF-Photo_0046_Cocktail-dinatoire-@Terres-de-Fetes-9.jpg\" class=\"attachment-full size-full wp-image-480\" alt=\"\" srcset=\"https:\/\/terresdefetes.com\/wp-content\/uploads\/2025\/03\/TDF-Photo_0046_Cocktail-dinatoire-@Terres-de-Fetes-9.jpg 782w, https:\/\/terresdefetes.com\/wp-content\/uploads\/2025\/03\/TDF-Photo_0046_Cocktail-dinatoire-@Terres-de-Fetes-9-247x300.jpg 247w, https:\/\/terresdefetes.com\/wp-content\/uploads\/2025\/03\/TDF-Photo_0046_Cocktail-dinatoire-@Terres-de-Fetes-9-768x931.jpg 768w, https:\/\/terresdefetes.com\/wp-content\/uploads\/2025\/03\/TDF-Photo_0046_Cocktail-dinatoire-@Terres-de-Fetes-9-10x12.jpg 10w\" sizes=\"(max-width: 782px) 100vw, 782px\" \/>\t\t\t\t\t\t\t\t\t\t\t\t\t\t\t<\/div>\n\t\t\t\t<\/div>\n\t\t\t\t<div class=\"elementor-element elementor-element-193c0968 elementor-widget__width-initial elementor-widget elementor-widget-image-box\" data-id=\"193c0968\" data-element_type=\"widget\" data-widget_type=\"image-box.default\">\n\t\t\t\t<div class=\"elementor-widget-container\">\n\t\t\t\t\t<div class=\"elementor-image-box-wrapper\"><div class=\"elementor-image-box-content\"><h2 class=\"elementor-image-box-title\">THE ART OF HOSPITALITY<\/h2><p class=\"elementor-image-box-description\">Our catering team combines the expertise of chefs, butlers and waiters to offer you the exceptional service you need for a successful culinary event: sit-down meals, buffets, cocktail receptions, breaks... Moroccan or local cuisine.\n<\/p><\/div><\/div>\t\t\t\t<\/div>\n\t\t\t\t<\/div>\n\t\t\t\t<\/div>\n\t\t<div class=\"elementor-element elementor-element-42d6f99a e-con-full e-flex e-con e-child\" data-id=\"42d6f99a\" data-element_type=\"container\">\n\t\t\t\t<div class=\"elementor-element elementor-element-236402d1 elementor-widget elementor-widget-image\" data-id=\"236402d1\" data-element_type=\"widget\" data-widget_type=\"image.default\">\n\t\t\t\t<div class=\"elementor-widget-container\">\n\t\t\t\t\t\t\t\t\t\t\t\t\t\t\t<img decoding=\"async\" width=\"782\" height=\"948\" src=\"https:\/\/terresdefetes.com\/wp-content\/uploads\/2025\/03\/TDF-Photo_0010_6P7A0367-Avec-accentuation-Bruit.jpg\" class=\"attachment-full size-full wp-image-443\" alt=\"\" srcset=\"https:\/\/terresdefetes.com\/wp-content\/uploads\/2025\/03\/TDF-Photo_0010_6P7A0367-Avec-accentuation-Bruit.jpg 782w, https:\/\/terresdefetes.com\/wp-content\/uploads\/2025\/03\/TDF-Photo_0010_6P7A0367-Avec-accentuation-Bruit-247x300.jpg 247w, https:\/\/terresdefetes.com\/wp-content\/uploads\/2025\/03\/TDF-Photo_0010_6P7A0367-Avec-accentuation-Bruit-768x931.jpg 768w, https:\/\/terresdefetes.com\/wp-content\/uploads\/2025\/03\/TDF-Photo_0010_6P7A0367-Avec-accentuation-Bruit-10x12.jpg 10w\" sizes=\"(max-width: 782px) 100vw, 782px\" \/>\t\t\t\t\t\t\t\t\t\t\t\t\t\t\t<\/div>\n\t\t\t\t<\/div>\n\t\t\t\t<div class=\"elementor-element elementor-element-5a3d6165 elementor-widget__width-initial elementor-widget elementor-widget-image-box\" data-id=\"5a3d6165\" data-element_type=\"widget\" data-widget_type=\"image-box.default\">\n\t\t\t\t<div class=\"elementor-widget-container\">\n\t\t\t\t\t<div class=\"elementor-image-box-wrapper\"><div class=\"elementor-image-box-content\"><h2 class=\"elementor-image-box-title\">STAGING<\/h2><p class=\"elementor-image-box-description\">Entertainment: traditional Moroccan folklore, Chabbi or international orchestra, equestrian shows, contemporary artists, etc. Sound, lighting, dance floor installation and stage decoration Meeting space layout In a constant quest for innovation, Terres de F\u00eates will meet your expectations and help you choose an original stage that will surprise your guests and contribute to the success of your event.<\/p><\/div><\/div>\t\t\t\t<\/div>\n\t\t\t\t<\/div>\n\t\t\t\t<\/div>\n\t\t\t\t\t<\/div>\n\t\t\t\t<\/div>\n\t\t<div class=\"elementor-element elementor-element-cf66238 e-flex e-con-boxed e-con e-parent\" data-id=\"cf66238\" data-element_type=\"container\">\n\t\t\t\t\t<div class=\"e-con-inner\">\n\t\t<div class=\"elementor-element elementor-element-d3acb35 e-con-full e-flex e-con e-child\" data-id=\"d3acb35\" data-element_type=\"container\">\n\t\t\t\t<div class=\"elementor-element elementor-element-3d43b7c elementor-widget elementor-widget-image\" data-id=\"3d43b7c\" data-element_type=\"widget\" data-widget_type=\"image.default\">\n\t\t\t\t<div class=\"elementor-widget-container\">\n\t\t\t\t\t\t\t\t\t\t\t\t\t\t\t<img loading=\"lazy\" decoding=\"async\" width=\"782\" height=\"948\" src=\"https:\/\/terresdefetes.com\/wp-content\/uploads\/2025\/03\/TDF-Photo_0065_2019-Diner-Agafay-AK-\u00a9Sebastien-Royez.jpg\" class=\"attachment-full size-full wp-image-499\" alt=\"\" srcset=\"https:\/\/terresdefetes.com\/wp-content\/uploads\/2025\/03\/TDF-Photo_0065_2019-Diner-Agafay-AK-\u00a9Sebastien-Royez.jpg 782w, https:\/\/terresdefetes.com\/wp-content\/uploads\/2025\/03\/TDF-Photo_0065_2019-Diner-Agafay-AK-\u00a9Sebastien-Royez-247x300.jpg 247w, https:\/\/terresdefetes.com\/wp-content\/uploads\/2025\/03\/TDF-Photo_0065_2019-Diner-Agafay-AK-\u00a9Sebastien-Royez-768x931.jpg 768w, https:\/\/terresdefetes.com\/wp-content\/uploads\/2025\/03\/TDF-Photo_0065_2019-Diner-Agafay-AK-\u00a9Sebastien-Royez-10x12.jpg 10w\" sizes=\"(max-width: 782px) 100vw, 782px\" \/>\t\t\t\t\t\t\t\t\t\t\t\t\t\t\t<\/div>\n\t\t\t\t<\/div>\n\t\t\t\t<div class=\"elementor-element elementor-element-5c98c16 elementor-widget__width-initial elementor-widget elementor-widget-image-box\" data-id=\"5c98c16\" data-element_type=\"widget\" data-widget_type=\"image-box.default\">\n\t\t\t\t<div class=\"elementor-widget-container\">\n\t\t\t\t\t<div class=\"elementor-image-box-wrapper\"><div class=\"elementor-image-box-content\"><h2 class=\"elementor-image-box-title\">NOMADIC SPIRIT<\/h2><p class=\"elementor-image-box-description\">Do you have a nomadic spirit? Let us organize and furnish your campsite in unusual locations: top-of-the-range tents with unique, custom-designed decorations, bedding, sanitary facilities and mobile toilets.<\/p><\/div><\/div>\t\t\t\t<\/div>\n\t\t\t\t<\/div>\n\t\t\t\t<\/div>\n\t\t<div class=\"elementor-element elementor-element-6490f20 e-con-full e-flex e-con e-child\" data-id=\"6490f20\" data-element_type=\"container\">\n\t\t\t\t<div class=\"elementor-element elementor-element-a3076b3 elementor-widget elementor-widget-image\" data-id=\"a3076b3\" data-element_type=\"widget\" data-widget_type=\"image.default\">\n\t\t\t\t<div class=\"elementor-widget-container\">\n\t\t\t\t\t\t\t\t\t\t\t\t\t\t\t<img loading=\"lazy\" decoding=\"async\" width=\"782\" height=\"948\" src=\"https:\/\/terresdefetes.com\/wp-content\/uploads\/2025\/03\/TDF-Photo_0027_Terredefetes-3.jpg\" class=\"attachment-full size-full wp-image-461\" alt=\"\" srcset=\"https:\/\/terresdefetes.com\/wp-content\/uploads\/2025\/03\/TDF-Photo_0027_Terredefetes-3.jpg 782w, https:\/\/terresdefetes.com\/wp-content\/uploads\/2025\/03\/TDF-Photo_0027_Terredefetes-3-247x300.jpg 247w, https:\/\/terresdefetes.com\/wp-content\/uploads\/2025\/03\/TDF-Photo_0027_Terredefetes-3-768x931.jpg 768w, https:\/\/terresdefetes.com\/wp-content\/uploads\/2025\/03\/TDF-Photo_0027_Terredefetes-3-10x12.jpg 10w\" sizes=\"(max-width: 782px) 100vw, 782px\" \/>\t\t\t\t\t\t\t\t\t\t\t\t\t\t\t<\/div>\n\t\t\t\t<\/div>\n\t\t\t\t<div class=\"elementor-element elementor-element-e373104 elementor-widget__width-initial elementor-widget elementor-widget-image-box\" data-id=\"e373104\" data-element_type=\"widget\" data-widget_type=\"image-box.default\">\n\t\t\t\t<div class=\"elementor-widget-container\">\n\t\t\t\t\t<div class=\"elementor-image-box-wrapper\"><div class=\"elementor-image-box-content\"><h2 class=\"elementor-image-box-title\">ORIGINAL ATMOSPHERE<\/h2><p class=\"elementor-image-box-description\">Mobile structures: traditional tents (caidal, nomadic...) or redesigned white sleeping tents, bedding, crockery, furnishings and decoration: thousands of rugs, lanterns, fabrics... Acquired over time and endowed with a rich variety of materials over the years, Terres de F\u00eates offers you countless possibilities for designing scenes that enhance your event and give free rein to your imagination.<\/p><\/div><\/div>\t\t\t\t<\/div>\n\t\t\t\t<\/div>\n\t\t\t\t<\/div>\n\t\t\t\t\t<\/div>\n\t\t\t\t<\/div>\n\t\t<div class=\"elementor-element elementor-element-1a1382e7 e-flex e-con-boxed e-con e-parent\" data-id=\"1a1382e7\" data-element_type=\"container\">\n\t\t\t\t\t<div class=\"e-con-inner\">\n\t\t<div class=\"elementor-element elementor-element-53f3fc5b e-con-full e-flex e-con e-child\" data-id=\"53f3fc5b\" data-element_type=\"container\">\n\t\t\t\t<div class=\"elementor-element elementor-element-1eab0a39 elementor-widget elementor-widget-heading\" data-id=\"1eab0a39\" data-element_type=\"widget\" data-widget_type=\"heading.default\">\n\t\t\t\t<div class=\"elementor-widget-container\">\n\t\t\t\t\t<div class=\"elementor-heading-title elementor-size-default\">THE ARCHITECT<\/div>\t\t\t\t<\/div>\n\t\t\t\t<\/div>\n\t\t\t\t<div class=\"elementor-element elementor-element-3fabd6bc elementor-widget elementor-widget-heading\" data-id=\"3fabd6bc\" data-element_type=\"widget\" data-widget_type=\"heading.default\">\n\t\t\t\t<div class=\"elementor-widget-container\">\n\t\t\t\t\t<div class=\"elementor-heading-title elementor-size-default\">OF YOUR DESIRES<\/div>\t\t\t\t<\/div>\n\t\t\t\t<\/div>\n\t\t\t\t<\/div>\n\t\t<div class=\"elementor-element elementor-element-152edce7 e-con-full e-flex e-con e-child\" data-id=\"152edce7\" data-element_type=\"container\">\n\t\t\t\t<\/div>\n\t\t<div class=\"elementor-element elementor-element-404931d6 e-con-full e-flex e-con e-child\" data-id=\"404931d6\" data-element_type=\"container\">\n\t\t\t\t<div class=\"elementor-element elementor-element-1c590b8e elementor-widget elementor-widget-spacer\" data-id=\"1c590b8e\" data-element_type=\"widget\" data-widget_type=\"spacer.default\">\n\t\t\t\t<div class=\"elementor-widget-container\">\n\t\t\t\t\t\t\t<div class=\"elementor-spacer\">\n\t\t\t<div class=\"elementor-spacer-inner\"><\/div>\n\t\t<\/div>\n\t\t\t\t\t\t<\/div>\n\t\t\t\t<\/div>\n\t\t\t\t<\/div>\n\t\t<div class=\"elementor-element elementor-element-7e7accd8 e-con-full e-flex e-con e-child\" data-id=\"7e7accd8\" data-element_type=\"container\">\n\t\t\t\t<div class=\"elementor-element elementor-element-173c7a06 elementor-widget elementor-widget-image\" data-id=\"173c7a06\" data-element_type=\"widget\" data-widget_type=\"image.default\">\n\t\t\t\t<div class=\"elementor-widget-container\">\n\t\t\t\t\t\t\t\t\t\t\t\t\t\t\t<img loading=\"lazy\" decoding=\"async\" width=\"782\" height=\"948\" src=\"https:\/\/terresdefetes.com\/wp-content\/uploads\/2025\/03\/TDF-Photo_0048_Terres-de-fetes-71.jpg\" class=\"attachment-full size-full wp-image-482\" alt=\"\" srcset=\"https:\/\/terresdefetes.com\/wp-content\/uploads\/2025\/03\/TDF-Photo_0048_Terres-de-fetes-71.jpg 782w, https:\/\/terresdefetes.com\/wp-content\/uploads\/2025\/03\/TDF-Photo_0048_Terres-de-fetes-71-247x300.jpg 247w, https:\/\/terresdefetes.com\/wp-content\/uploads\/2025\/03\/TDF-Photo_0048_Terres-de-fetes-71-768x931.jpg 768w, https:\/\/terresdefetes.com\/wp-content\/uploads\/2025\/03\/TDF-Photo_0048_Terres-de-fetes-71-10x12.jpg 10w\" sizes=\"(max-width: 782px) 100vw, 782px\" \/>\t\t\t\t\t\t\t\t\t\t\t\t\t\t\t<\/div>\n\t\t\t\t<\/div>\n\t\t\t\t<\/div>\n\t\t<div class=\"elementor-element elementor-element-31e1b3ff e-con-full e-flex e-con e-child\" data-id=\"31e1b3ff\" data-element_type=\"container\">\n\t\t\t\t<div class=\"elementor-element elementor-element-903c497 elementor-widget elementor-widget-image\" data-id=\"903c497\" data-element_type=\"widget\" data-widget_type=\"image.default\">\n\t\t\t\t<div class=\"elementor-widget-container\">\n\t\t\t\t\t\t\t\t\t\t\t\t\t\t\t<img loading=\"lazy\" decoding=\"async\" width=\"782\" height=\"948\" src=\"https:\/\/terresdefetes.com\/wp-content\/uploads\/2025\/03\/TDF-Photo_0040_0H6A2129.jpg\" class=\"attachment-full size-full wp-image-474\" alt=\"\" srcset=\"https:\/\/terresdefetes.com\/wp-content\/uploads\/2025\/03\/TDF-Photo_0040_0H6A2129.jpg 782w, https:\/\/terresdefetes.com\/wp-content\/uploads\/2025\/03\/TDF-Photo_0040_0H6A2129-247x300.jpg 247w, https:\/\/terresdefetes.com\/wp-content\/uploads\/2025\/03\/TDF-Photo_0040_0H6A2129-768x931.jpg 768w, https:\/\/terresdefetes.com\/wp-content\/uploads\/2025\/03\/TDF-Photo_0040_0H6A2129-10x12.jpg 10w\" sizes=\"(max-width: 782px) 100vw, 782px\" \/>\t\t\t\t\t\t\t\t\t\t\t\t\t\t\t<\/div>\n\t\t\t\t<\/div>\n\t\t\t\t<\/div>\n\t\t<div class=\"elementor-element elementor-element-1f21135a e-con-full e-flex e-con e-child\" data-id=\"1f21135a\" data-element_type=\"container\">\n\t\t\t\t<div class=\"elementor-element elementor-element-51e9db4d elementor-widget elementor-widget-image\" data-id=\"51e9db4d\" data-element_type=\"widget\" data-widget_type=\"image.default\">\n\t\t\t\t<div class=\"elementor-widget-container\">\n\t\t\t\t\t\t\t\t\t\t\t\t\t\t\t<img loading=\"lazy\" decoding=\"async\" width=\"782\" height=\"948\" src=\"https:\/\/terresdefetes.com\/wp-content\/uploads\/2025\/03\/TDF-Photo_0057_0H6A0463-3.jpg\" class=\"attachment-full size-full wp-image-491\" alt=\"\" srcset=\"https:\/\/terresdefetes.com\/wp-content\/uploads\/2025\/03\/TDF-Photo_0057_0H6A0463-3.jpg 782w, https:\/\/terresdefetes.com\/wp-content\/uploads\/2025\/03\/TDF-Photo_0057_0H6A0463-3-247x300.jpg 247w, https:\/\/terresdefetes.com\/wp-content\/uploads\/2025\/03\/TDF-Photo_0057_0H6A0463-3-768x931.jpg 768w, https:\/\/terresdefetes.com\/wp-content\/uploads\/2025\/03\/TDF-Photo_0057_0H6A0463-3-10x12.jpg 10w\" sizes=\"(max-width: 782px) 100vw, 782px\" \/>\t\t\t\t\t\t\t\t\t\t\t\t\t\t\t<\/div>\n\t\t\t\t<\/div>\n\t\t\t\t<\/div>\n\t\t<div class=\"elementor-element elementor-element-31a113df e-con-full e-flex e-con e-child\" data-id=\"31a113df\" data-element_type=\"container\">\n\t\t\t\t<div class=\"elementor-element elementor-element-41b3f104 elementor-widget elementor-widget-image\" data-id=\"41b3f104\" data-element_type=\"widget\" data-widget_type=\"image.default\">\n\t\t\t\t<div class=\"elementor-widget-container\">\n\t\t\t\t\t\t\t\t\t\t\t\t\t\t\t<img loading=\"lazy\" decoding=\"async\" width=\"782\" height=\"948\" src=\"https:\/\/terresdefetes.com\/wp-content\/uploads\/2025\/03\/TDF-Photo_0025_Terredefetes-19.jpg\" class=\"attachment-full size-full wp-image-459\" alt=\"\" srcset=\"https:\/\/terresdefetes.com\/wp-content\/uploads\/2025\/03\/TDF-Photo_0025_Terredefetes-19.jpg 782w, https:\/\/terresdefetes.com\/wp-content\/uploads\/2025\/03\/TDF-Photo_0025_Terredefetes-19-247x300.jpg 247w, https:\/\/terresdefetes.com\/wp-content\/uploads\/2025\/03\/TDF-Photo_0025_Terredefetes-19-768x931.jpg 768w, https:\/\/terresdefetes.com\/wp-content\/uploads\/2025\/03\/TDF-Photo_0025_Terredefetes-19-10x12.jpg 10w\" sizes=\"(max-width: 782px) 100vw, 782px\" \/>\t\t\t\t\t\t\t\t\t\t\t\t\t\t\t<\/div>\n\t\t\t\t<\/div>\n\t\t\t\t<\/div>\n\t\t<div class=\"elementor-element elementor-element-31ca8258 e-con-full e-flex e-con e-child\" data-id=\"31ca8258\" data-element_type=\"container\">\n\t\t\t\t<div class=\"elementor-element elementor-element-3b2c5dd elementor-widget elementor-widget-image\" data-id=\"3b2c5dd\" data-element_type=\"widget\" data-widget_type=\"image.default\">\n\t\t\t\t<div class=\"elementor-widget-container\">\n\t\t\t\t\t\t\t\t\t\t\t\t\t\t\t<img loading=\"lazy\" decoding=\"async\" width=\"782\" height=\"948\" src=\"https:\/\/terresdefetes.com\/wp-content\/uploads\/2025\/03\/TDF-Photo_0013_6P7A0200.jpg\" class=\"attachment-full size-full wp-image-447\" alt=\"\" srcset=\"https:\/\/terresdefetes.com\/wp-content\/uploads\/2025\/03\/TDF-Photo_0013_6P7A0200.jpg 782w, https:\/\/terresdefetes.com\/wp-content\/uploads\/2025\/03\/TDF-Photo_0013_6P7A0200-247x300.jpg 247w, https:\/\/terresdefetes.com\/wp-content\/uploads\/2025\/03\/TDF-Photo_0013_6P7A0200-768x931.jpg 768w, https:\/\/terresdefetes.com\/wp-content\/uploads\/2025\/03\/TDF-Photo_0013_6P7A0200-10x12.jpg 10w\" sizes=\"(max-width: 782px) 100vw, 782px\" \/>\t\t\t\t\t\t\t\t\t\t\t\t\t\t\t<\/div>\n\t\t\t\t<\/div>\n\t\t\t\t<\/div>\n\t\t\t\t\t<\/div>\n\t\t\t\t<\/div>\n\t\t<div class=\"elementor-element elementor-element-4ad7f205 e-flex e-con-boxed e-con e-parent\" data-id=\"4ad7f205\" data-element_type=\"container\" data-settings=\"{&quot;background_background&quot;:&quot;classic&quot;}\">\n\t\t\t\t\t<div class=\"e-con-inner\">\n\t\t\t\t<div class=\"elementor-element elementor-element-1a6055be elementor-widget elementor-widget-heading\" data-id=\"1a6055be\" data-element_type=\"widget\" data-widget_type=\"heading.default\">\n\t\t\t\t<div class=\"elementor-widget-container\">\n\t\t\t\t\t<div class=\"elementor-heading-title elementor-size-default\">Entrust us with your expectations<\/div>\t\t\t\t<\/div>\n\t\t\t\t<\/div>\n\t\t\t\t\t<\/div>\n\t\t\t\t<\/div>\n\t\t\t\t<\/div>","protected":false},"excerpt":{"rendered":"<p>SERVICES ORGANISATION D\u2019\u00c9V\u00c8NEMENTS MARRAKECH Confiez-nous vos attentes et r\u00e9alisons ensemble l\u2019instant dont vous r\u00eavez\u2026 C\u00e9l\u00e9brations : c\u00e9r\u00e9monies de mariage \u2013 r\u00e9ceptions de bapt\u00eame, anniversaires, bar-mitsvahs Ev\u00e8nements d\u2019entreprise : Soir\u00e9es de gala \u2013 Lancements de produits \u2013 Congr\u00e8s \u2013 Incentives s\u00e9minaires Instants d\u2019exception : Concerts \u2013 Festivals Et aussi bivouacs sous les \u00e9toiles, campements nomades\u2026 LES [&hellip;]<\/p>","protected":false},"author":1,"featured_media":0,"parent":0,"menu_order":0,"comment_status":"closed","ping_status":"closed","template":"elementor_header_footer","meta":{"footnotes":""},"class_list":["post-87","page","type-page","status-publish","hentry"],"_links":{"self":[{"href":"https:\/\/terresdefetes.com\/en\/wp-json\/wp\/v2\/pages\/87","targetHints":{"allow":["GET"]}}],"collection":[{"href":"https:\/\/terresdefetes.com\/en\/wp-json\/wp\/v2\/pages"}],"about":[{"href":"https:\/\/terresdefetes.com\/en\/wp-json\/wp\/v2\/types\/page"}],"author":[{"embeddable":true,"href":"https:\/\/terresdefetes.com\/en\/wp-json\/wp\/v2\/users\/1"}],"replies":[{"embeddable":true,"href":"https:\/\/terresdefetes.com\/en\/wp-json\/wp\/v2\/comments?post=87"}],"version-history":[{"count":76,"href":"https:\/\/terresdefetes.com\/en\/wp-json\/wp\/v2\/pages\/87\/revisions"}],"predecessor-version":[{"id":935,"href":"https:\/\/terresdefetes.com\/en\/wp-json\/wp\/v2\/pages\/87\/revisions\/935"}],"wp:attachment":[{"href":"https:\/\/terresdefetes.com\/en\/wp-json\/wp\/v2\/media?parent=87"}],"curies":[{"name":"wp","href":"https:\/\/api.w.org\/{rel}","templated":true}]}}