{"id":93,"date":"2025-03-11T14:06:32","date_gmt":"2025-03-11T14:06:32","guid":{"rendered":"https:\/\/terresdefetes.com\/?page_id=93"},"modified":"2025-04-12T15:20:41","modified_gmt":"2025-04-12T15:20:41","slug":"contact","status":"publish","type":"page","link":"https:\/\/terresdefetes.com\/en\/contact\/","title":{"rendered":"Contact"},"content":{"rendered":"<div data-elementor-type=\"wp-page\" data-elementor-id=\"93\" class=\"elementor elementor-93\">\n\t\t\t\t<div class=\"elementor-element elementor-element-5ff57027 e-con-full e-flex e-con e-parent\" data-id=\"5ff57027\" data-element_type=\"container\">\n\t\t<div class=\"elementor-element elementor-element-2a7ee708 e-con-full e-flex e-con e-child\" data-id=\"2a7ee708\" data-element_type=\"container\">\n\t\t\t\t<div class=\"elementor-element elementor-element-520703b3 elementor-align-center elementor-widget elementor-widget-button\" data-id=\"520703b3\" data-element_type=\"widget\" data-widget_type=\"button.default\">\n\t\t\t\t<div class=\"elementor-widget-container\">\n\t\t\t\t\t\t\t\t\t<div class=\"elementor-button-wrapper\">\n\t\t\t\t\t<a class=\"elementor-button elementor-size-sm\" role=\"button\">\n\t\t\t\t\t\t<span class=\"elementor-button-content-wrapper\">\n\t\t\t\t\t\t\t\t\t<span class=\"elementor-button-text\">CONTACT<\/span>\n\t\t\t\t\t<\/span>\n\t\t\t\t\t<\/a>\n\t\t\t\t<\/div>\n\t\t\t\t\t\t\t\t<\/div>\n\t\t\t\t<\/div>\n\t\t\t\t<div class=\"elementor-element elementor-element-1994dc5f elementor-widget elementor-widget-heading\" data-id=\"1994dc5f\" data-element_type=\"widget\" data-widget_type=\"heading.default\">\n\t\t\t\t<div class=\"elementor-widget-container\">\n\t\t\t\t\t<div class=\"elementor-heading-title elementor-size-default\">BESPOKE<\/div>\t\t\t\t<\/div>\n\t\t\t\t<\/div>\n\t\t\t\t<div class=\"elementor-element elementor-element-4b2860cb elementor-widget elementor-widget-heading\" data-id=\"4b2860cb\" data-element_type=\"widget\" data-widget_type=\"heading.default\">\n\t\t\t\t<div class=\"elementor-widget-container\">\n\t\t\t\t\t<h1 class=\"elementor-heading-title elementor-size-default\">EVENTS<\/h1>\t\t\t\t<\/div>\n\t\t\t\t<\/div>\n\t\t\t\t<\/div>\n\t\t\t\t<\/div>\n\t\t<div class=\"elementor-element elementor-element-7e515861 e-flex e-con-boxed e-con e-parent\" data-id=\"7e515861\" data-element_type=\"container\">\n\t\t\t\t\t<div class=\"e-con-inner\">\n\t\t<div class=\"elementor-element elementor-element-39c506ff e-flex e-con-boxed e-con e-child\" data-id=\"39c506ff\" data-element_type=\"container\">\n\t\t\t\t\t<div class=\"e-con-inner\">\n\t\t\t\t<div class=\"elementor-element elementor-element-37a369da elementor-widget__width-initial elementor-position-top elementor-widget elementor-widget-image-box\" data-id=\"37a369da\" data-element_type=\"widget\" data-widget_type=\"image-box.default\">\n\t\t\t\t<div class=\"elementor-widget-container\">\n\t\t\t\t\t<div class=\"elementor-image-box-wrapper\"><figure class=\"elementor-image-box-img\"><img decoding=\"async\" src=\"https:\/\/terresdefetes.com\/wp-content\/uploads\/elementor\/thumbs\/appel-r33ayxpgwj7jnmz65076lrlwhiekt3bz6audz9m3i4.png\" title=\"appel\" alt=\"appel\" loading=\"lazy\" \/><\/figure><div class=\"elementor-image-box-content\"><h2 class=\"elementor-image-box-title\">BY PHONE<\/h2><p class=\"elementor-image-box-description\">+212 5 24 43 86 87<\/p><\/div><\/div>\t\t\t\t<\/div>\n\t\t\t\t<\/div>\n\t\t\t\t<div class=\"elementor-element elementor-element-3230d6dd elementor-widget__width-initial elementor-position-top elementor-widget elementor-widget-image-box\" data-id=\"3230d6dd\" data-element_type=\"widget\" data-widget_type=\"image-box.default\">\n\t\t\t\t<div class=\"elementor-widget-container\">\n\t\t\t\t\t<div class=\"elementor-image-box-wrapper\"><figure class=\"elementor-image-box-img\"><img decoding=\"async\" src=\"https:\/\/terresdefetes.com\/wp-content\/uploads\/elementor\/thumbs\/marque-de-localisation-r33b07rk7eylgj49o23whxzhle3ka9etomt6htpt18.png\" title=\"marque-de-localisation\" alt=\"marque-de-localisation\" loading=\"lazy\" \/><\/figure><div class=\"elementor-image-box-content\"><h2 class=\"elementor-image-box-title\">BY ADDRESS<\/h2><p class=\"elementor-image-box-description\">B01, R\u00e9sidence Les Jardins Ocres \u2013 Avenue Mohammed VI Marrakech 40020 \u2013 MAROC<\/p><\/div><\/div>\t\t\t\t<\/div>\n\t\t\t\t<\/div>\n\t\t\t\t<div class=\"elementor-element elementor-element-28b5ea91 elementor-widget__width-initial elementor-position-top elementor-widget elementor-widget-image-box\" data-id=\"28b5ea91\" data-element_type=\"widget\" data-widget_type=\"image-box.default\">\n\t\t\t\t<div class=\"elementor-widget-container\">\n\t\t\t\t\t<div class=\"elementor-image-box-wrapper\"><figure class=\"elementor-image-box-img\"><img decoding=\"async\" src=\"https:\/\/terresdefetes.com\/wp-content\/uploads\/elementor\/thumbs\/email-r33b2p288ocu3hik6mpgktga0zvfli9bowsb341em4.png\" title=\"email\" alt=\"email\" loading=\"lazy\" \/><\/figure><div class=\"elementor-image-box-content\"><h2 class=\"elementor-image-box-title\">BY EMAIL<\/h2><p class=\"elementor-image-box-description\">contact@terresdefetes.com<\/p><\/div><\/div>\t\t\t\t<\/div>\n\t\t\t\t<\/div>\n\t\t\t\t\t<\/div>\n\t\t\t\t<\/div>\n\t\t\t\t\t<\/div>\n\t\t\t\t<\/div>\n\t\t<div class=\"elementor-element elementor-element-12a3f4d3 e-con-full e-flex e-con e-parent\" data-id=\"12a3f4d3\" data-element_type=\"container\">\n\t\t\t\t<div class=\"elementor-element elementor-element-2a70b3a4 elementor-widget elementor-widget-google_maps\" data-id=\"2a70b3a4\" data-element_type=\"widget\" data-widget_type=\"google_maps.default\">\n\t\t\t\t<div class=\"elementor-widget-container\">\n\t\t\t\t\t\t\t<div class=\"elementor-custom-embed\">\n\t\t\t<iframe loading=\"lazy\"\n\t\t\t\t\tsrc=\"https:\/\/maps.google.com\/maps?q=Bd%20Mohamed%20VI%2C%20Marrakech%2040000&#038;t=m&#038;z=14&#038;output=embed&#038;iwloc=near\"\n\t\t\t\t\ttitle=\"Bd Mohamed VI, Marrakech 40000\"\n\t\t\t\t\taria-label=\"Bd Mohamed VI, Marrakech 40000\"\n\t\t\t><\/iframe>\n\t\t<\/div>\n\t\t\t\t\t\t<\/div>\n\t\t\t\t<\/div>\n\t\t\t\t<\/div>\n\t\t\t\t<\/div>","protected":false},"excerpt":{"rendered":"<p>CONTACT ORGANISATEUR D&rsquo;\u00c9V\u00c9NEMENT PAR T\u00c9L\u00c9PHONE +212 5 24 43 86 87 PAR ADRESSE B01, R\u00e9sidence Les Jardins Ocres \u2013 Avenue Mohammed VI Marrakech 40020 \u2013 MAROC PAR EMAIL contact@terresdefetes.com<\/p>","protected":false},"author":1,"featured_media":0,"parent":0,"menu_order":0,"comment_status":"closed","ping_status":"closed","template":"elementor_header_footer","meta":{"footnotes":""},"class_list":["post-93","page","type-page","status-publish","hentry"],"_links":{"self":[{"href":"https:\/\/terresdefetes.com\/en\/wp-json\/wp\/v2\/pages\/93","targetHints":{"allow":["GET"]}}],"collection":[{"href":"https:\/\/terresdefetes.com\/en\/wp-json\/wp\/v2\/pages"}],"about":[{"href":"https:\/\/terresdefetes.com\/en\/wp-json\/wp\/v2\/types\/page"}],"author":[{"embeddable":true,"href":"https:\/\/terresdefetes.com\/en\/wp-json\/wp\/v2\/users\/1"}],"replies":[{"embeddable":true,"href":"https:\/\/terresdefetes.com\/en\/wp-json\/wp\/v2\/comments?post=93"}],"version-history":[{"count":13,"href":"https:\/\/terresdefetes.com\/en\/wp-json\/wp\/v2\/pages\/93\/revisions"}],"predecessor-version":[{"id":864,"href":"https:\/\/terresdefetes.com\/en\/wp-json\/wp\/v2\/pages\/93\/revisions\/864"}],"wp:attachment":[{"href":"https:\/\/terresdefetes.com\/en\/wp-json\/wp\/v2\/media?parent=93"}],"curies":[{"name":"wp","href":"https:\/\/api.w.org\/{rel}","templated":true}]}}